{"id":12,"date":"2025-11-23T10:32:55","date_gmt":"2025-11-23T09:32:55","guid":{"rendered":"https:\/\/www.expressfenster.shop\/?page_id=12"},"modified":"2025-11-26T20:48:05","modified_gmt":"2025-11-26T19:48:05","slug":"balkontueren","status":"publish","type":"page","link":"https:\/\/www.expressfenster.shop\/?page_id=12","title":{"rendered":"Balkont\u00fcren"},"content":{"rendered":"\n<div id=\"footable_parent_9\"\n         class=\" footable_parent ninja_table_wrapper loading_ninja_table wp_table_data_press_parent semantic_ui colored_table\">\n                <table data-ninja_table_instance=\"ninja_table_instance_0\" data-footable_id=\"9\" data-filter-delay=\"1000\" aria-label=\"Balkont\u00fcren\"            id=\"footable_9\"\n           data-unique_identifier=\"ninja_table_unique_id_4210857557_9\"\n           class=\" foo-table ninja_footable foo_table_9 ninja_table_unique_id_4210857557_9 ui table  ninja_search_right nt_type_legacy_table selectable striped vertical_centered ninja_custom_color inverted footable-paging-right ninja_table_search_disabled ninja_table_pro\">\n                <colgroup>\n                            <col class=\"ninja_column_0 \">\n                            <col class=\"ninja_column_1 \">\n                            <col class=\"ninja_column_2 \">\n                            <col class=\"ninja_column_3 \">\n                            <col class=\"ninja_column_4 \">\n                            <col class=\"ninja_column_5 \">\n                    <\/colgroup>\n        <thead>\n<tr class=\"footable-header\">\n                                                                                                        <th scope=\"col\"  class=\"ninja_column_0 ninja_clmn_nm_artikelnummer \">Artikelnummer<\/th><th scope=\"col\"  class=\"ninja_column_1 ninja_clmn_nm_bezeichnung \">Bezeichnung<\/th><th scope=\"col\"  class=\"ninja_column_2 ninja_clmn_nm_anzahl \">Anzahl<\/th><th scope=\"col\"  class=\"ninja_column_3 ninja_clmn_nm_listenpreis \">Listenpreis<\/th><th scope=\"col\"  class=\"ninja_column_4 ninja_clmn_nm_aktionspreis color: #d40000; \">Aktionspreis<\/th><th scope=\"col\"  class=\"ninja_column_5 ninja_clmn_nm_details \">Details<\/th><\/tr>\n<\/thead>\n<tbody>\n\n        <tr data-row_id=\"0\" class=\"ninja_table_row_0 nt_row_id_0\">\n            <td>1050<\/td><td>KU Balkont\u00fcr 76MD Anthrazit 1FL\/Links 100*230<\/td><td>1<\/td><td>1.313,76\u20ac<\/td><td>1.182,38\u20ac<\/td><td><\/td>        <\/tr>\n            <tr data-row_id=\"1\" class=\"ninja_table_row_1 nt_row_id_1\">\n            <td>1063<\/td><td>KU Balkont\u00fcr 76 MD 1FL \/Rechts 80*230<\/td><td>43<\/td><td>980,75\u20ac<\/td><td>882,68\u20ac<\/td><td><a   class=\"nt_btn \" style=\"color: #474747FF;background-color: #FFFFFFFF;\" rel=\"\" href=\"https:\/\/www.expressfenster.shop\/wp-content\/uploads\/2025\/11\/bild_1063.jpg\">Details<\/a><\/td>        <\/tr>\n            <tr data-row_id=\"2\" class=\"ninja_table_row_2 nt_row_id_2\">\n            <td>1064<\/td><td>KU Balkont\u00fcr 76 MD 1FL\/Rechts 100*210<\/td><td>51<\/td><td>1.116,06\u20ac<\/td><td>1.004,45\u20ac<\/td><td><a   class=\"nt_btn \" style=\"color: #474747FF;background-color: #FFFFFFFF;\" rel=\"\" href=\"https:\/\/www.expressfenster.shop\/wp-content\/uploads\/2025\/11\/bild_1064.jpg\">Details<\/a><\/td>        <\/tr>\n            <tr data-row_id=\"3\" class=\"ninja_table_row_3 nt_row_id_3\">\n            <td>1065<\/td><td>KU Balkont\u00fcr 76 MD 1FL\/Links 100*210<\/td><td>55<\/td><td>1.115,33\u20ac<\/td><td>1.003,80\u20ac<\/td><td><a   class=\"nt_btn \" style=\"color: #474747FF;background-color: #FFFFFFFF;\" rel=\"\" href=\"https:\/\/www.expressfenster.shop\/wp-content\/uploads\/2025\/11\/bild_1065.jpg\">Details<\/a><\/td>        <\/tr>\n            <tr data-row_id=\"4\" class=\"ninja_table_row_4 nt_row_id_4\">\n            <td>1066<\/td><td>KU Balkont\u00fcr 76 MD 1FL\/Rechts 100*230<\/td><td>31<\/td><td>1.204,93\u20ac<\/td><td>1.084,44\u20ac<\/td><td><a   class=\"nt_btn \" style=\"color: #474747FF;background-color: #FFFFFFFF;\" rel=\"\" href=\"https:\/\/www.expressfenster.shop\/wp-content\/uploads\/2025\/11\/bild_1066.jpg\">Details<\/a><\/td>        <\/tr>\n            <tr data-row_id=\"5\" class=\"ninja_table_row_5 nt_row_id_5\">\n            <td>1067<\/td><td>KU Balkont\u00fcr 76 MD 2FL 120*210<\/td><td>54<\/td><td>1.320,45\u20ac<\/td><td>1.188,41\u20ac<\/td><td><a   class=\"nt_btn \" style=\"color: #474747FF;background-color: #FFFFFFFF;\" rel=\"\" href=\"https:\/\/www.expressfenster.shop\/wp-content\/uploads\/2025\/11\/bild_1067.jpg\">Details<\/a><\/td>        <\/tr>\n            <tr data-row_id=\"6\" class=\"ninja_table_row_6 nt_row_id_6\">\n            <td>1068<\/td><td>KU Balkont\u00fcr 76 MD 2FL 140*210<\/td><td>53<\/td><td>1.632,08\u20ac<\/td><td>1.468,87\u20ac<\/td><td><a   class=\"nt_btn \" style=\"color: #474747FF;background-color: #FFFFFFFF;\" rel=\"\" href=\"https:\/\/www.expressfenster.shop\/wp-content\/uploads\/2025\/11\/bild_1068.jpg\">Details<\/a><\/td>        <\/tr>\n            <tr data-row_id=\"7\" class=\"ninja_table_row_7 nt_row_id_7\">\n            <td>1069<\/td><td>KU Balkont\u00fcr 76 MD 2FL 140*230<\/td><td>32<\/td><td>1.757,09\u20ac<\/td><td>1.581,38\u20ac<\/td><td><a   class=\"nt_btn \" style=\"color: #474747FF;background-color: #FFFFFFFF;\" rel=\"\" href=\"https:\/\/www.expressfenster.shop\/wp-content\/uploads\/2025\/11\/bild_1069.jpg\">Details<\/a><\/td>        <\/tr>\n            <tr data-row_id=\"8\" class=\"ninja_table_row_8 nt_row_id_8\">\n            <td>1070<\/td><td>KU Balkont\u00fcr 76 MD 2FL 160*210<\/td><td>59<\/td><td>1.807,85\u20ac<\/td><td>1.627,07\u20ac<\/td><td><a   class=\"nt_btn \" style=\"color: #474747FF;background-color: #FFFFFFFF;\" rel=\"\" href=\"https:\/\/www.expressfenster.shop\/wp-content\/uploads\/2025\/11\/bild_1070.jpg\">Details<\/a><\/td>        <\/tr>\n            <tr data-row_id=\"9\" class=\"ninja_table_row_9 nt_row_id_9\">\n            <td>1071<\/td><td>KU Balkont\u00fcr 76 MD 2FL 160*230<\/td><td>36<\/td><td>1.955,79\u20ac<\/td><td>1.760,21\u20ac<\/td><td><a   class=\"nt_btn \" style=\"color: #474747FF;background-color: #FFFFFFFF;\" rel=\"\" href=\"https:\/\/www.expressfenster.shop\/wp-content\/uploads\/2025\/11\/bild_1071.jpg\">Details<\/a><\/td>        <\/tr>\n            <tr data-row_id=\"10\" class=\"ninja_table_row_10 nt_row_id_10\">\n            <td>1090<\/td><td>KU Balkont\u00fcr 76MD 1FL\/Links 80*230<\/td><td>10<\/td><td>980,02\u20ac<\/td><td>882,02\u20ac<\/td><td><a   class=\"nt_btn \" style=\"color: #474747FF;background-color: #FFFFFFFF;\" rel=\"\" href=\"https:\/\/www.expressfenster.shop\/wp-content\/uploads\/2025\/11\/bild_1090.jpg\">Details<\/a><\/td>        <\/tr>\n            <tr data-row_id=\"11\" class=\"ninja_table_row_11 nt_row_id_11\">\n            <td>1120<\/td><td>KU Balkont\u00fcr 76MD Anthrazit 2FL 140*230<\/td><td>2<\/td><td>1.707,89\u20ac<\/td><td>1.537,10\u20ac<\/td><td><\/td>        <\/tr>\n            <tr data-row_id=\"12\" class=\"ninja_table_row_12 nt_row_id_12\">\n            <td>1121<\/td><td>KU Balkont\u00fcr 76MD Anthrazit 2FL 140*230 inkl. Rollo &amp; Insektenschutz<\/td><td>1<\/td><td>2.955,96\u20ac<\/td><td>2.660,36\u20ac<\/td><td><\/td>        <\/tr>\n            <tr data-row_id=\"13\" class=\"ninja_table_row_13 nt_row_id_13\">\n            <td>1158<\/td><td>KU Balkont\u00fcr 88MD AluClip Grau 1FL\/Links\/VB 90*200<\/td><td>1<\/td><td>1.028,16\u20ac<\/td><td>925,34\u20ac<\/td><td><\/td>        <\/tr>\n            <tr data-row_id=\"14\" class=\"ninja_table_row_14 nt_row_id_14\">\n            <td>1159<\/td><td>KU Balkont\u00fcr 88MD AluClip Grau 1FL\/Rechts\/VB 90*200<\/td><td>3<\/td><td>1.028,16\u20ac<\/td><td>925,34\u20ac<\/td><td><\/td>        <\/tr>\n            <tr data-row_id=\"15\" class=\"ninja_table_row_15 nt_row_id_15\">\n            <td>1160<\/td><td>KU Balkont\u00fcr 88MD AluClip Grau inkl. Fixverglasung 2FL\/Links\/VB 220*220<\/td><td>2<\/td><td>2.764,61\u20ac<\/td><td>2.488,15\u20ac<\/td><td><\/td>        <\/tr>\n            <tr data-row_id=\"16\" class=\"ninja_table_row_16 nt_row_id_16\">\n            <td>1161<\/td><td>KU Balkont\u00fcr 88MD AluClip Grau inkl. Fixverglasung 2FL\/Rechts\/VB 220*220<\/td><td>2<\/td><td>2.764,61\u20ac<\/td><td>2.488,15\u20ac<\/td><td><\/td>        <\/tr>\n            <tr data-row_id=\"17\" class=\"ninja_table_row_17 nt_row_id_17\">\n            <td>1162<\/td><td>KU Balkont\u00fcr 88MD AluClip Grau inkl. Fixverglasung 2FL\/Links\/VB 250*200<\/td><td>2<\/td><td>2.856,00\u20ac<\/td><td>2.570,40\u20ac<\/td><td><\/td>        <\/tr>\n            <tr data-row_id=\"18\" class=\"ninja_table_row_18 nt_row_id_18\">\n            <td>1191<\/td><td>KU Balkont\u00fcr Anthratzit mit ALU Clip 1400x2180mm<\/td><td>2<\/td><td>1.743,30\u20ac<\/td><td>1.568,97\u20ac<\/td><td><\/td>        <\/tr>\n            <tr data-row_id=\"19\" class=\"ninja_table_row_19 nt_row_id_19\">\n            <td>1248<\/td><td>KU Balkont\u00fcr 88MD 9006\/ 180*220<\/td><td>3<\/td><td>2.100,38\u20ac<\/td><td>1.890,34\u20ac<\/td><td><\/td>        <\/tr>\n            <tr data-row_id=\"20\" class=\"ninja_table_row_20 nt_row_id_20\">\n            <td>1353<\/td><td>KU Balkont\u00fcr 76 MD 160x210<\/td><td>15<\/td><td>1.807,85\u20ac<\/td><td>1.627,07\u20ac<\/td><td><\/td>        <\/tr>\n            <tr data-row_id=\"21\" class=\"ninja_table_row_21 nt_row_id_21\">\n            <td>1354<\/td><td>KU Balkont\u00fcr 76 MD 173,5*200<\/td><td>1<\/td><td>1.812,17\u20ac<\/td><td>1.630,95\u20ac<\/td><td><\/td>        <\/tr>\n            <tr data-row_id=\"22\" class=\"ninja_table_row_22 nt_row_id_22\">\n            <td>1359<\/td><td>KU Balkont\u00fcr 76 MD 90x205<\/td><td>10<\/td><td>976,28\u20ac<\/td><td>878,65\u20ac<\/td><td><\/td>        <\/tr>\n            <tr data-row_id=\"23\" class=\"ninja_table_row_23 nt_row_id_23\">\n            <td>1360<\/td><td>KU Balkont\u00fcr 76 MD 110x205 Li<\/td><td>5<\/td><td>1.177,53\u20ac<\/td><td>1.059,78\u20ac<\/td><td><\/td>        <\/tr>\n            <tr data-row_id=\"24\" class=\"ninja_table_row_24 nt_row_id_24\">\n            <td>1429<\/td><td>KU Balkont\u00fcr 76 MD 110x205 Re.<\/td><td>5<\/td><td>1.178,30\u20ac<\/td><td>1.060,47\u20ac<\/td><td><a   class=\"nt_btn \" style=\"color: #474747FF;background-color: #FFFFFFFF;\" rel=\"\" href=\"https:\/\/www.expressfenster.shop\/wp-content\/uploads\/2025\/11\/bild_1429.jpg\">Details<\/a><\/td>        <\/tr>\n            <tr data-row_id=\"25\" class=\"ninja_table_row_25 nt_row_id_25\">\n            <td>1430<\/td><td>KU Balkont\u00fcr 76 MD 90x205 Li<\/td><td>5<\/td><td>976,28\u20ac<\/td><td>878,65\u20ac<\/td><td><a   class=\"nt_btn \" style=\"color: #474747FF;background-color: #FFFFFFFF;\" rel=\"\" href=\"https:\/\/www.expressfenster.shop\/wp-content\/uploads\/2025\/11\/bild_1430.jpg\">Details<\/a><\/td>        <\/tr>\n            <tr data-row_id=\"26\" class=\"ninja_table_row_26 nt_row_id_26\">\n            <td>1431<\/td><td>KU Balkont\u00fcr 76 MD 90x205 Re.<\/td><td>5<\/td><td>977,04\u20ac<\/td><td>879,34\u20ac<\/td><td><a   class=\"nt_btn \" style=\"color: #474747FF;background-color: #FFFFFFFF;\" rel=\"\" href=\"https:\/\/www.expressfenster.shop\/wp-content\/uploads\/2025\/11\/bild_1431.jpg\">Details<\/a><\/td>        <\/tr>\n    <\/tbody><!--ninja_tobody_rendering_done-->\n    <\/table>\n    \n    \n    \n<\/div>\n\n\n\n\n<p>Ihre Balkont\u00fcr war nicht dabei? <br><a href=\"https:\/\/www.expressfenster.shop\/?page_id=14\" data-type=\"page\" data-id=\"14\">Hier<\/a> direkt f\u00fcr ihr Ma\u00df anfragen!<\/p>\n","protected":false},"excerpt":{"rendered":"<p>Ihre Balkont\u00fcr war nicht dabei? Hier direkt f\u00fcr ihr Ma\u00df anfragen!<\/p>\n","protected":false},"author":1,"featured_media":0,"parent":0,"menu_order":0,"comment_status":"closed","ping_status":"closed","template":"","meta":{"neve_meta_sidebar":"","neve_meta_container":"","neve_meta_enable_content_width":"","neve_meta_content_width":0,"neve_meta_title_alignment":"","neve_meta_author_avatar":"","neve_post_elements_order":"","neve_meta_disable_header":"","neve_meta_disable_footer":"","neve_meta_disable_title":"","footnotes":""},"class_list":["post-12","page","type-page","status-publish","hentry"],"_links":{"self":[{"href":"https:\/\/www.expressfenster.shop\/index.php?rest_route=\/wp\/v2\/pages\/12","targetHints":{"allow":["GET"]}}],"collection":[{"href":"https:\/\/www.expressfenster.shop\/index.php?rest_route=\/wp\/v2\/pages"}],"about":[{"href":"https:\/\/www.expressfenster.shop\/index.php?rest_route=\/wp\/v2\/types\/page"}],"author":[{"embeddable":true,"href":"https:\/\/www.expressfenster.shop\/index.php?rest_route=\/wp\/v2\/users\/1"}],"replies":[{"embeddable":true,"href":"https:\/\/www.expressfenster.shop\/index.php?rest_route=%2Fwp%2Fv2%2Fcomments&post=12"}],"version-history":[{"count":2,"href":"https:\/\/www.expressfenster.shop\/index.php?rest_route=\/wp\/v2\/pages\/12\/revisions"}],"predecessor-version":[{"id":223,"href":"https:\/\/www.expressfenster.shop\/index.php?rest_route=\/wp\/v2\/pages\/12\/revisions\/223"}],"wp:attachment":[{"href":"https:\/\/www.expressfenster.shop\/index.php?rest_route=%2Fwp%2Fv2%2Fmedia&parent=12"}],"curies":[{"name":"wp","href":"https:\/\/api.w.org\/{rel}","templated":true}]}}